{"id":448,"date":"2023-02-13T17:34:34","date_gmt":"2023-02-13T17:34:34","guid":{"rendered":"https:\/\/www.mevlutokumus.com\/?page_id=448"},"modified":"2023-02-16T14:15:57","modified_gmt":"2023-02-16T14:15:57","slug":"non-surgeon","status":"publish","type":"page","link":"http:\/\/www.mevlutokumus.com\/index.php\/non-surgeon\/","title":{"rendered":"Non Surgeon"},"content":{"rendered":"\t\t<div data-elementor-type=\"wp-page\" data-elementor-id=\"448\" class=\"elementor elementor-448\">\n\t\t\t\t\t\t\t\t\t<section class=\"elementor-section elementor-top-section elementor-element elementor-element-51d0e55b elementor-section-content-middle elementor-section-boxed elementor-section-height-default elementor-section-height-default\" data-id=\"51d0e55b\" data-element_type=\"section\" data-settings=\"{&quot;background_background&quot;:&quot;classic&quot;}\">\n\t\t\t\t\t\t\t<div class=\"elementor-background-overlay\"><\/div>\n\t\t\t\t\t\t\t<div class=\"elementor-container elementor-column-gap-default\">\n\t\t\t\t\t<div class=\"elementor-column elementor-col-50 elementor-top-column elementor-element elementor-element-4947dfeb\" data-id=\"4947dfeb\" data-element_type=\"column\">\n\t\t\t<div class=\"elementor-widget-wrap elementor-element-populated\">\n\t\t\t\t\t\t\t\t<div class=\"elementor-element elementor-element-75d78815 elementor-widget elementor-widget-heading\" data-id=\"75d78815\" data-element_type=\"widget\" data-widget_type=\"heading.default\">\n\t\t\t\t<div class=\"elementor-widget-container\">\n\t\t\t<style>\/*! elementor - v3.10.2 - 29-01-2023 *\/\n.elementor-heading-title{padding:0;margin:0;line-height:1}.elementor-widget-heading .elementor-heading-title[class*=elementor-size-]>a{color:inherit;font-size:inherit;line-height:inherit}.elementor-widget-heading .elementor-heading-title.elementor-size-small{font-size:15px}.elementor-widget-heading .elementor-heading-title.elementor-size-medium{font-size:19px}.elementor-widget-heading .elementor-heading-title.elementor-size-large{font-size:29px}.elementor-widget-heading .elementor-heading-title.elementor-size-xl{font-size:39px}.elementor-widget-heading .elementor-heading-title.elementor-size-xxl{font-size:59px}<\/style><h2 class=\"elementor-heading-title elementor-size-default\">Non Surgeon<\/h2>\t\t<\/div>\n\t\t\t\t<\/div>\n\t\t\t\t\t<\/div>\n\t\t<\/div>\n\t\t\t\t<div class=\"elementor-column elementor-col-50 elementor-top-column elementor-element elementor-element-43eb111a\" data-id=\"43eb111a\" data-element_type=\"column\">\n\t\t\t<div class=\"elementor-widget-wrap elementor-element-populated\">\n\t\t\t\t\t\t\t\t<div class=\"elementor-element elementor-element-2914ba7b elementor-icon-list--layout-inline elementor-align-right elementor-mobile-align-center elementor-list-item-link-full_width elementor-widget elementor-widget-icon-list\" data-id=\"2914ba7b\" data-element_type=\"widget\" data-widget_type=\"icon-list.default\">\n\t\t\t\t<div class=\"elementor-widget-container\">\n\t\t\t<link rel=\"stylesheet\" href=\"http:\/\/www.mevlutokumus.com\/wp-content\/plugins\/elementor\/assets\/css\/widget-icon-list.min.css\">\t\t<ul class=\"elementor-icon-list-items elementor-inline-items\">\n\t\t\t\t\t\t\t<li class=\"elementor-icon-list-item elementor-inline-item\">\n\t\t\t\t\t\t\t\t\t\t<span class=\"elementor-icon-list-text\">Home<\/span>\n\t\t\t\t\t\t\t\t\t<\/li>\n\t\t\t\t\t\t\t\t<li class=\"elementor-icon-list-item elementor-inline-item\">\n\t\t\t\t\t\t\t\t\t\t\t<span class=\"elementor-icon-list-icon\">\n\t\t\t\t\t\t\t<i aria-hidden=\"true\" class=\"fas fa-chevron-right\"><\/i>\t\t\t\t\t\t<\/span>\n\t\t\t\t\t\t\t\t\t\t<span class=\"elementor-icon-list-text\">Services<\/span>\n\t\t\t\t\t\t\t\t\t<\/li>\n\t\t\t\t\t\t<\/ul>\n\t\t\t\t<\/div>\n\t\t\t\t<\/div>\n\t\t\t\t\t<\/div>\n\t\t<\/div>\n\t\t\t\t\t\t\t<\/div>\n\t\t<\/section>\n\t\t\t\t<section class=\"elementor-section elementor-top-section elementor-element elementor-element-6175d759 elementor-section-boxed elementor-section-height-default elementor-section-height-default\" data-id=\"6175d759\" data-element_type=\"section\" data-settings=\"{&quot;background_background&quot;:&quot;classic&quot;}\">\n\t\t\t\t\t\t<div class=\"elementor-container elementor-column-gap-default\">\n\t\t\t\t\t<div class=\"elementor-column elementor-col-100 elementor-top-column elementor-element elementor-element-2b1c5845\" data-id=\"2b1c5845\" data-element_type=\"column\">\n\t\t\t<div class=\"elementor-widget-wrap elementor-element-populated\">\n\t\t\t\t\t\t\t\t<section class=\"elementor-section elementor-inner-section elementor-element elementor-element-596f0686 animated-slow elementor-section-boxed elementor-section-height-default elementor-section-height-default elementor-invisible\" data-id=\"596f0686\" data-element_type=\"section\" data-settings=\"{&quot;animation&quot;:&quot;fadeInUp&quot;}\">\n\t\t\t\t\t\t<div class=\"elementor-container elementor-column-gap-default\">\n\t\t\t\t\t<div class=\"elementor-column elementor-col-33 elementor-inner-column elementor-element elementor-element-cf1b703\" data-id=\"cf1b703\" data-element_type=\"column\" data-settings=\"{&quot;background_background&quot;:&quot;classic&quot;}\">\n\t\t\t<div class=\"elementor-widget-wrap elementor-element-populated\">\n\t\t\t\t\t\t\t\t<div class=\"elementor-element elementor-element-cffa8e2 elementor-widget elementor-widget-image\" data-id=\"cffa8e2\" data-element_type=\"widget\" data-widget_type=\"image.default\">\n\t\t\t\t<div class=\"elementor-widget-container\">\n\t\t\t<style>\/*! elementor - v3.10.2 - 29-01-2023 *\/\n.elementor-widget-image{text-align:center}.elementor-widget-image a{display:inline-block}.elementor-widget-image a img[src$=\".svg\"]{width:48px}.elementor-widget-image img{vertical-align:middle;display:inline-block}<\/style>\t\t\t\t\t\t\t\t\t\t\t\t\t<a href=\"https:\/\/www.mevlutokumus.com\/index.php\/filling\/\">\n\t\t\t\t\t\t\t<img decoding=\"async\" src=\"http:\/\/www.mevlutokumus.com\/wp-content\/uploads\/elementor\/thumbs\/doctor-applying-hyaluron-fillers-to-patient-2022-08-19-06-51-39-utc-scaled-q23vjzi1rq6ly06gc81ylms6i6g34rxuc83aylj3eg.jpg\" title=\"Doctor applying hyaluron fillers to patient\" alt=\"Woman having beauty treatment at doctor office, doctor applying hyaluron fillers\" loading=\"lazy\" \/>\t\t\t\t\t\t\t\t<\/a>\n\t\t\t\t\t\t\t\t\t\t\t\t\t\t\t<\/div>\n\t\t\t\t<\/div>\n\t\t\t\t<div class=\"elementor-element elementor-element-444253f4 jkit-equal-height-disable elementor-widget elementor-widget-jkit_icon_box\" data-id=\"444253f4\" data-element_type=\"widget\" data-widget_type=\"jkit_icon_box.default\">\n\t\t\t\t<div class=\"elementor-widget-container\">\n\t\t\t<div class=\"jeg-elementor-kit jkit-icon-box icon-position-left elementor-animation- jeg_module___6a04f3d0e69ae\"><div class=\"jkit-icon-box-wrapper hover-from-left\"><div class=\"icon-box icon-box-header elementor-animation-\"><div class=\"icon style-color\"><\/div><\/div><div class=\"icon-box icon-box-body\">\n                <h3 class=\"title\">Filling<\/h3><p class=\"icon-box-description\">\u0130nfo<\/p><div class=\"icon-box-button \">\n                <div class=\"btn-wrapper icon-position-after\">\n                    <a href=\"https:\/\/www.mevlutokumus.com\/index.php\/filling\/\" class=\"icon-box-link\">Devam\u0131<i aria-hidden=\"true\" class=\"fas fa-arrow-right\"><\/i><\/a>\n                <\/div>\n            <\/div>\n            <\/div>\n            \n            <\/div><\/div>\t\t<\/div>\n\t\t\t\t<\/div>\n\t\t\t\t\t<\/div>\n\t\t<\/div>\n\t\t\t\t<div class=\"elementor-column elementor-col-33 elementor-inner-column elementor-element elementor-element-7acc5dcf\" data-id=\"7acc5dcf\" data-element_type=\"column\" data-settings=\"{&quot;background_background&quot;:&quot;classic&quot;}\">\n\t\t\t<div class=\"elementor-widget-wrap elementor-element-populated\">\n\t\t\t\t\t\t\t\t<div class=\"elementor-element elementor-element-386711bd elementor-widget elementor-widget-image\" data-id=\"386711bd\" data-element_type=\"widget\" data-widget_type=\"image.default\">\n\t\t\t\t<div class=\"elementor-widget-container\">\n\t\t\t\t\t\t\t\t\t\t\t\t\t\t\t\t<a href=\"https:\/\/www.mevlutokumus.com\/index.php\/botox\/\">\n\t\t\t\t\t\t\t<img decoding=\"async\" src=\"http:\/\/www.mevlutokumus.com\/wp-content\/uploads\/elementor\/thumbs\/young-woman-with-doctor-hands-injecting-botox-2021-08-26-15-42-50-utc-scaled-q23vn821b6m5xnh5fmfp6tdc5yhln8sk48zigwq9yw.jpg\" title=\"young woman with doctor hands injecting botox\" alt=\"beautiful young woman botox injection eye wrinkles\" loading=\"lazy\" \/>\t\t\t\t\t\t\t\t<\/a>\n\t\t\t\t\t\t\t\t\t\t\t\t\t\t\t<\/div>\n\t\t\t\t<\/div>\n\t\t\t\t<div class=\"elementor-element elementor-element-11077223 jkit-equal-height-disable elementor-widget elementor-widget-jkit_icon_box\" data-id=\"11077223\" data-element_type=\"widget\" data-widget_type=\"jkit_icon_box.default\">\n\t\t\t\t<div class=\"elementor-widget-container\">\n\t\t\t<div class=\"jeg-elementor-kit jkit-icon-box icon-position-left elementor-animation- jeg_module__1_6a04f3d0ea673\"><div class=\"jkit-icon-box-wrapper hover-from-left\"><div class=\"icon-box icon-box-header elementor-animation-\"><div class=\"icon style-color\"><\/div><\/div><div class=\"icon-box icon-box-body\">\n                <h3 class=\"title\">Botox <\/h3><p class=\"icon-box-description\">Bilgi<\/p><div class=\"icon-box-button \">\n                <div class=\"btn-wrapper icon-position-after\">\n                    <a href=\"https:\/\/www.mevlutokumus.com\/index.php\/botox\/\" class=\"icon-box-link\">Read More<i aria-hidden=\"true\" class=\"fas fa-arrow-right\"><\/i><\/a>\n                <\/div>\n            <\/div>\n            <\/div>\n            \n            <\/div><\/div>\t\t<\/div>\n\t\t\t\t<\/div>\n\t\t\t\t\t<\/div>\n\t\t<\/div>\n\t\t\t\t<div class=\"elementor-column elementor-col-33 elementor-inner-column elementor-element elementor-element-7b6d3af6\" data-id=\"7b6d3af6\" data-element_type=\"column\" data-settings=\"{&quot;background_background&quot;:&quot;classic&quot;}\">\n\t\t\t<div class=\"elementor-widget-wrap elementor-element-populated\">\n\t\t\t\t\t\t\t\t<div class=\"elementor-element elementor-element-486ed3d5 elementor-widget elementor-widget-image\" data-id=\"486ed3d5\" data-element_type=\"widget\" data-widget_type=\"image.default\">\n\t\t\t\t<div class=\"elementor-widget-container\">\n\t\t\t\t\t\t\t\t\t\t\t\t\t\t\t\t<a href=\"https:\/\/www.mevlutokumus.com\/index.php\/prp\/\">\n\t\t\t\t\t\t\t<img decoding=\"async\" src=\"http:\/\/www.mevlutokumus.com\/wp-content\/uploads\/elementor\/thumbs\/middle-aged-man-having-hair-treatment-at-beauty-sa-2022-12-16-09-30-22-utc-scaled-q23vp2sksf5itys7lxa7luj2cbcntr5i1fazjjzbp4.jpg\" title=\"Middle-aged man having hair treatment at beauty salon\" alt=\"Side view of handsome middle aged man getting hair treatment at beauty salon. Man having mesotherapy session at aesthetic clinic, therapist hands in gloves making injection in scalp, closeup\" loading=\"lazy\" \/>\t\t\t\t\t\t\t\t<\/a>\n\t\t\t\t\t\t\t\t\t\t\t\t\t\t\t<\/div>\n\t\t\t\t<\/div>\n\t\t\t\t<div class=\"elementor-element elementor-element-47c7650d jkit-equal-height-disable elementor-widget elementor-widget-jkit_icon_box\" data-id=\"47c7650d\" data-element_type=\"widget\" data-widget_type=\"jkit_icon_box.default\">\n\t\t\t\t<div class=\"elementor-widget-container\">\n\t\t\t<div class=\"jeg-elementor-kit jkit-icon-box icon-position-left elementor-animation- jeg_module__2_6a04f3d0ef6e8\"><div class=\"jkit-icon-box-wrapper hover-from-left\"><div class=\"icon-box icon-box-header elementor-animation-\"><div class=\"icon style-color\"><\/div><\/div><div class=\"icon-box icon-box-body\">\n                <h3 class=\"title\">Prp<\/h3><p class=\"icon-box-description\">Bilgi<\/p><div class=\"icon-box-button \">\n                <div class=\"btn-wrapper icon-position-after\">\n                    <a href=\"https:\/\/www.mevlutokumus.com\/index.php\/prp\/\" class=\"icon-box-link\">Read More<i aria-hidden=\"true\" class=\"fas fa-arrow-right\"><\/i><\/a>\n                <\/div>\n            <\/div>\n            <\/div>\n            \n            <\/div><\/div>\t\t<\/div>\n\t\t\t\t<\/div>\n\t\t\t\t\t<\/div>\n\t\t<\/div>\n\t\t\t\t\t\t\t<\/div>\n\t\t<\/section>\n\t\t\t\t<section class=\"elementor-section elementor-inner-section elementor-element elementor-element-6763123e animated-slow elementor-section-boxed elementor-section-height-default elementor-section-height-default elementor-invisible\" data-id=\"6763123e\" data-element_type=\"section\" data-settings=\"{&quot;animation&quot;:&quot;fadeInUp&quot;}\">\n\t\t\t\t\t\t<div class=\"elementor-container elementor-column-gap-default\">\n\t\t\t\t\t<div class=\"elementor-column elementor-col-33 elementor-inner-column elementor-element elementor-element-684ceae\" data-id=\"684ceae\" data-element_type=\"column\" data-settings=\"{&quot;background_background&quot;:&quot;classic&quot;}\">\n\t\t\t<div class=\"elementor-widget-wrap elementor-element-populated\">\n\t\t\t\t\t\t\t\t<div class=\"elementor-element elementor-element-3e68b54a elementor-widget elementor-widget-image\" data-id=\"3e68b54a\" data-element_type=\"widget\" data-widget_type=\"image.default\">\n\t\t\t\t<div class=\"elementor-widget-container\">\n\t\t\t\t\t\t\t\t\t\t\t\t\t\t\t\t<a href=\"https:\/\/www.mevlutokumus.com\/index.php\/mesotherapy\/\">\n\t\t\t\t\t\t\t<img decoding=\"async\" src=\"http:\/\/www.mevlutokumus.com\/wp-content\/uploads\/elementor\/thumbs\/calm-pretty-female-during-mesotherapy-stock-photo-2021-09-03-15-37-36-utc-scaled-q23vrl130il1sj54z0ae97rbdazwcp3qdtxlm49j3s.jpg\" title=\"Calm pretty female during mesotherapy stock photo\" alt=\"Young girl is visiting cosmetologist and getting beauty injections for rejuvenation face and lifting skin\" loading=\"lazy\" \/>\t\t\t\t\t\t\t\t<\/a>\n\t\t\t\t\t\t\t\t\t\t\t\t\t\t\t<\/div>\n\t\t\t\t<\/div>\n\t\t\t\t<div class=\"elementor-element elementor-element-4774a1af jkit-equal-height-disable elementor-widget elementor-widget-jkit_icon_box\" data-id=\"4774a1af\" data-element_type=\"widget\" data-widget_type=\"jkit_icon_box.default\">\n\t\t\t\t<div class=\"elementor-widget-container\">\n\t\t\t<div class=\"jeg-elementor-kit jkit-icon-box icon-position-left elementor-animation- jeg_module__3_6a04f3d100acc\"><div class=\"jkit-icon-box-wrapper hover-from-left\"><div class=\"icon-box icon-box-header elementor-animation-\"><div class=\"icon style-color\"><\/div><\/div><div class=\"icon-box icon-box-body\">\n                <h3 class=\"title\">Mesotherapy<\/h3><p class=\"icon-box-description\">Info<\/p><div class=\"icon-box-button \">\n                <div class=\"btn-wrapper icon-position-after\">\n                    <a href=\"https:\/\/www.mevlutokumus.com\/index.php\/mesotherapy\/\" class=\"icon-box-link\">Devam\u0131<i aria-hidden=\"true\" class=\"fas fa-arrow-right\"><\/i><\/a>\n                <\/div>\n            <\/div>\n            <\/div>\n            \n            <\/div><\/div>\t\t<\/div>\n\t\t\t\t<\/div>\n\t\t\t\t\t<\/div>\n\t\t<\/div>\n\t\t\t\t<div class=\"elementor-column elementor-col-33 elementor-inner-column elementor-element elementor-element-79bdf312\" data-id=\"79bdf312\" data-element_type=\"column\" data-settings=\"{&quot;background_background&quot;:&quot;classic&quot;}\">\n\t\t\t<div class=\"elementor-widget-wrap elementor-element-populated\">\n\t\t\t\t\t\t\t\t<div class=\"elementor-element elementor-element-14ab3ac4 elementor-widget elementor-widget-image\" data-id=\"14ab3ac4\" data-element_type=\"widget\" data-widget_type=\"image.default\">\n\t\t\t\t<div class=\"elementor-widget-container\">\n\t\t\t\t\t\t\t\t\t\t\t\t\t\t\t\t<a href=\"https:\/\/www.mevlutokumus.com\/index.php\/mikro-igneleme-eng\/\">\n\t\t\t\t\t\t\t<img decoding=\"async\" src=\"http:\/\/www.mevlutokumus.com\/wp-content\/uploads\/elementor\/thumbs\/cosmetologist-makes-mesotherapy-injection-for-reju-2023-02-11-00-49-44-utc-scaled-q23vu8wmdm8aor9vf5qcbjkbylvc5tocr0h4kcbdh4.jpg\" title=\"Cosmetologist makes mesotherapy injection for rejuvenation woman face, procedure in beauty salon\" alt=\"Cosmetologist makes mesotherapy injection for rejuvenation woman face, anti aging non surgical cosmetic procedure in beauty salon. Beautician hands in gloves makes facial micro needle injections\" loading=\"lazy\" \/>\t\t\t\t\t\t\t\t<\/a>\n\t\t\t\t\t\t\t\t\t\t\t\t\t\t\t<\/div>\n\t\t\t\t<\/div>\n\t\t\t\t<div class=\"elementor-element elementor-element-242ecdc3 jkit-equal-height-disable elementor-widget elementor-widget-jkit_icon_box\" data-id=\"242ecdc3\" data-element_type=\"widget\" data-widget_type=\"jkit_icon_box.default\">\n\t\t\t\t<div class=\"elementor-widget-container\">\n\t\t\t<div class=\"jeg-elementor-kit jkit-icon-box icon-position-left elementor-animation- jeg_module__4_6a04f3d1048cc\"><div class=\"jkit-icon-box-wrapper hover-from-left\"><div class=\"icon-box icon-box-header elementor-animation-\"><div class=\"icon style-color\"><\/div><\/div><div class=\"icon-box icon-box-body\">\n                <h3 class=\"title\">Dermaroller<\/h3><p class=\"icon-box-description\">Bilgi.<\/p><div class=\"icon-box-button \">\n                <div class=\"btn-wrapper icon-position-after\">\n                    <a href=\"https:\/\/www.mevlutokumus.com\/index.php\/mikro-igneleme-eng\/\" class=\"icon-box-link\">Devam\u0131<i aria-hidden=\"true\" class=\"fas fa-arrow-right\"><\/i><\/a>\n                <\/div>\n            <\/div>\n            <\/div>\n            \n            <\/div><\/div>\t\t<\/div>\n\t\t\t\t<\/div>\n\t\t\t\t\t<\/div>\n\t\t<\/div>\n\t\t\t\t<div class=\"elementor-column elementor-col-33 elementor-inner-column elementor-element elementor-element-5c3f9478\" data-id=\"5c3f9478\" data-element_type=\"column\" data-settings=\"{&quot;background_background&quot;:&quot;classic&quot;}\">\n\t\t\t<div class=\"elementor-widget-wrap elementor-element-populated\">\n\t\t\t\t\t\t\t\t<div class=\"elementor-element elementor-element-67d32bf1 elementor-widget elementor-widget-image\" data-id=\"67d32bf1\" data-element_type=\"widget\" data-widget_type=\"image.default\">\n\t\t\t\t<div class=\"elementor-widget-container\">\n\t\t\t\t\t\t\t\t\t\t\t\t\t\t\t\t<a href=\"https:\/\/www.mevlutokumus.com\/index.php\/ip-aski-uygulamasi-eng\/\">\n\t\t\t\t\t\t\t<img decoding=\"async\" src=\"http:\/\/www.mevlutokumus.com\/wp-content\/uploads\/elementor\/thumbs\/aesthetic-mesotherapy-thread-face-lifting-anti-ag-2021-08-26-16-54-04-utc-scaled-q23w439ry5pe9qz4xwwoxk53wvcprpr5rqf6hnpybc.jpg\" title=\"Aesthetic Mesotherapy Thread Face Lifting. Anti-aging Cosmetic Treatment\" alt=\"Woman Having Mesotherapy Treatment in Aesthetic Medicine Clinic\" loading=\"lazy\" \/>\t\t\t\t\t\t\t\t<\/a>\n\t\t\t\t\t\t\t\t\t\t\t\t\t\t\t<\/div>\n\t\t\t\t<\/div>\n\t\t\t\t<div class=\"elementor-element elementor-element-91770aa jkit-equal-height-disable elementor-widget elementor-widget-jkit_icon_box\" data-id=\"91770aa\" data-element_type=\"widget\" data-widget_type=\"jkit_icon_box.default\">\n\t\t\t\t<div class=\"elementor-widget-container\">\n\t\t\t<div class=\"jeg-elementor-kit jkit-icon-box icon-position-left elementor-animation- jeg_module__5_6a04f3d108940\"><div class=\"jkit-icon-box-wrapper hover-from-left\"><div class=\"icon-box icon-box-header elementor-animation-\"><div class=\"icon style-color\"><\/div><\/div><div class=\"icon-box icon-box-body\">\n                <h3 class=\"title\">Spring Thread<\/h3><p class=\"icon-box-description\">Bilgi.<\/p><div class=\"icon-box-button \">\n                <div class=\"btn-wrapper icon-position-after\">\n                    <a href=\"https:\/\/www.mevlutokumus.com\/index.php\/ip-aski-uygulamasi-eng\/\" class=\"icon-box-link\">Devam\u0131<i aria-hidden=\"true\" class=\"fas fa-arrow-right\"><\/i><\/a>\n                <\/div>\n            <\/div>\n            <\/div>\n            \n            <\/div><\/div>\t\t<\/div>\n\t\t\t\t<\/div>\n\t\t\t\t\t<\/div>\n\t\t<\/div>\n\t\t\t\t\t\t\t<\/div>\n\t\t<\/section>\n\t\t\t\t\t<\/div>\n\t\t<\/div>\n\t\t\t\t\t\t\t<\/div>\n\t\t<\/section>\n\t\t\t\t\t\t\t<\/div>\n\t\t","protected":false},"excerpt":{"rendered":"<p>Non Surgeon Home Services Filling \u0130nfo Devam\u0131 Botox Bilgi Read More Prp Bilgi Read More Mesotherapy Info Devam\u0131 Dermaroller Bilgi. Devam\u0131 Spring Thread Bilgi. Devam\u0131<\/p>\n","protected":false},"author":1,"featured_media":0,"parent":0,"menu_order":6,"comment_status":"closed","ping_status":"closed","template":"elementor_header_footer","meta":[],"_links":{"self":[{"href":"http:\/\/www.mevlutokumus.com\/index.php\/wp-json\/wp\/v2\/pages\/448"}],"collection":[{"href":"http:\/\/www.mevlutokumus.com\/index.php\/wp-json\/wp\/v2\/pages"}],"about":[{"href":"http:\/\/www.mevlutokumus.com\/index.php\/wp-json\/wp\/v2\/types\/page"}],"author":[{"embeddable":true,"href":"http:\/\/www.mevlutokumus.com\/index.php\/wp-json\/wp\/v2\/users\/1"}],"replies":[{"embeddable":true,"href":"http:\/\/www.mevlutokumus.com\/index.php\/wp-json\/wp\/v2\/comments?post=448"}],"version-history":[{"count":58,"href":"http:\/\/www.mevlutokumus.com\/index.php\/wp-json\/wp\/v2\/pages\/448\/revisions"}],"predecessor-version":[{"id":1055,"href":"http:\/\/www.mevlutokumus.com\/index.php\/wp-json\/wp\/v2\/pages\/448\/revisions\/1055"}],"wp:attachment":[{"href":"http:\/\/www.mevlutokumus.com\/index.php\/wp-json\/wp\/v2\/media?parent=448"}],"curies":[{"name":"wp","href":"https:\/\/api.w.org\/{rel}","templated":true}]}}